{"id":5281,"date":"2025-03-31T13:52:42","date_gmt":"2025-03-31T11:52:42","guid":{"rendered":"https:\/\/serwisnaukowy.uw.edu.pl\/?page_id=5281"},"modified":"2026-03-02T13:01:14","modified_gmt":"2026-03-02T12:01:14","slug":"about-us","status":"publish","type":"page","link":"https:\/\/serwisnaukowy.uw.edu.pl\/en\/about-us\/","title":{"rendered":"About us"},"content":{"rendered":"\t\t<div data-elementor-type=\"wp-page\" data-elementor-id=\"5281\" class=\"elementor elementor-5281\" data-elementor-post-type=\"page\">\n\t\t\t\t<div class=\"elementor-element elementor-element-bea645a e-flex e-con-boxed e-con e-parent\" data-id=\"bea645a\" data-element_type=\"container\" data-e-type=\"container\">\n\t\t\t\t\t<div class=\"e-con-inner\">\n\t\t\t\t<div class=\"elementor-element elementor-element-bbd42b1 elementor-widget elementor-widget-heading\" data-id=\"bbd42b1\" data-element_type=\"widget\" data-e-type=\"widget\" data-widget_type=\"heading.default\">\n\t\t\t\t\t<h1 class=\"elementor-heading-title elementor-size-default\">Who are we?<\/h1>\t\t\t\t<\/div>\n\t\t\t\t\t<\/div>\n\t\t\t\t<\/div>\n\t\t<div class=\"elementor-element elementor-element-ca357c5 e-grid e-con-boxed e-con e-parent\" data-id=\"ca357c5\" data-element_type=\"container\" data-e-type=\"container\">\n\t\t\t\t\t<div class=\"e-con-inner\">\n\t\t<div class=\"elementor-element elementor-element-30885d5 e-con-full e-flex e-con e-child\" data-id=\"30885d5\" data-element_type=\"container\" data-e-type=\"container\">\n\t\t\t\t<div class=\"elementor-element elementor-element-ecd313d elementor-widget elementor-widget-text-editor\" data-id=\"ecd313d\" data-element_type=\"widget\" data-e-type=\"widget\" data-widget_type=\"text-editor.default\">\n\t\t\t\t\t\t\t\t\t<p>UW Science Daily reports on research conducted at the University of Warsaw. We showcase the achievements of our researchers, making them accessible to a wide audience.<\/p>\n<p>All publications on our website are available in a ready-to-publish format (see the \u201c<a href=\"https:\/\/serwisnaukowy.uw.edu.pl\/en\/regulamin-udostepniania-i-korzystania-z-tresci-zamieszczanych-w-serwisie-naukowym-uniwersytetu-warszawskiego\/\">Terms &amp; Conditions<\/a>\u201d section), and our researchers are open to media interviews.<\/p>\n<p>The articles are written in close cooperation with researchers and university faculties. The materials are prepared by our team:<\/p>\n<p><b>Publisher\/Journalist:<\/b> Karina Konieczna<br><b>Editor:<\/b> Piotr Roszkowski<br><b>Article Authors:<\/b>&nbsp;Marcin Czardybon, Nina \u0141awniczak, Maksymilian Odrzywo\u0142ek, Paulina Szyma\u0144ska-Ro\u017cek, Magdalena Ukrainets, Iga Walaszczyk, Jakub Zygmunt, Katarzyna D\u0142ugosz, Maciej Papierski<br><b>Photo Editor:<\/b> Mateusz Skowron<br><b>Secretary:<\/b> Zuzanna Dziedzic<br><b>Social Media:<\/b> \u0141ukasz Pier\u00f3g, Vadym Shchukin<\/p>\t\t\t\t\t\t\t\t<\/div>\n\t\t\t\t<\/div>\n\t\t<div class=\"elementor-element elementor-element-11335d8 e-con-full e-flex e-con e-child\" data-id=\"11335d8\" data-element_type=\"container\" data-e-type=\"container\">\n\t\t\t\t<div class=\"elementor-element elementor-element-a04dc32 elementor-widget elementor-widget-image\" data-id=\"a04dc32\" data-element_type=\"widget\" data-e-type=\"widget\" data-widget_type=\"image.default\">\n\t\t\t\t\t\t\t\t\t\t\t\t\t\t\t<img decoding=\"async\" src=\"https:\/\/serwisnaukowy.uw.edu.pl\/wp-content\/uploads\/2026\/03\/DSC03639-scaled.jpg\" title=\"\" alt=\"\" loading=\"lazy\" \/>\t\t\t\t\t\t\t\t\t\t\t\t\t\t\t<\/div>\n\t\t\t\t<div class=\"elementor-element elementor-element-af9615a elementor-widget elementor-widget-text-editor\" data-id=\"af9615a\" data-element_type=\"widget\" data-e-type=\"widget\" data-widget_type=\"text-editor.default\">\n\t\t\t\t\t\t\t\t\t<p>The project was initiated and is coordinated by Jacek Sztolcman and Tatiana Witkowska.<\/p><p>\u00a0<\/p><p>UW Science Daily was launched as part of the \u201cInitiative of Excellence \u2013 Research University\u201d program (IDUB), activity V.3.4.<\/p><p>\u00a0<\/p>\t\t\t\t\t\t\t\t<\/div>\n\t\t\t\t<\/div>\n\t\t\t\t\t<\/div>\n\t\t\t\t<\/div>\n\t\t\t\t<\/div>\n\t\t","protected":false},"excerpt":{"rendered":"<p>Who are we? UW Science Daily reports on research conducted at the University of Warsaw. We showcase the achievements of our researchers, making them accessible to a wide audience. All publications on our website are available in a ready-to-publish format (see the \u201cTerms &amp; Conditions\u201d section), and our researchers are open to media interviews. The [&hellip;]<\/p>\n","protected":false},"author":1,"featured_media":0,"parent":0,"menu_order":0,"comment_status":"closed","ping_status":"closed","template":"","meta":{"_acf_changed":false,"footnotes":""},"class_list":["post-5281","page","type-page","status-publish"],"acf":[],"_links":{"self":[{"href":"https:\/\/serwisnaukowy.uw.edu.pl\/en\/wp-json\/wp\/v2\/pages\/5281","targetHints":{"allow":["GET"]}}],"collection":[{"href":"https:\/\/serwisnaukowy.uw.edu.pl\/en\/wp-json\/wp\/v2\/pages"}],"about":[{"href":"https:\/\/serwisnaukowy.uw.edu.pl\/en\/wp-json\/wp\/v2\/types\/page"}],"author":[{"embeddable":true,"href":"https:\/\/serwisnaukowy.uw.edu.pl\/en\/wp-json\/wp\/v2\/users\/1"}],"replies":[{"embeddable":true,"href":"https:\/\/serwisnaukowy.uw.edu.pl\/en\/wp-json\/wp\/v2\/comments?post=5281"}],"version-history":[{"count":56,"href":"https:\/\/serwisnaukowy.uw.edu.pl\/en\/wp-json\/wp\/v2\/pages\/5281\/revisions"}],"predecessor-version":[{"id":8557,"href":"https:\/\/serwisnaukowy.uw.edu.pl\/en\/wp-json\/wp\/v2\/pages\/5281\/revisions\/8557"}],"wp:attachment":[{"href":"https:\/\/serwisnaukowy.uw.edu.pl\/en\/wp-json\/wp\/v2\/media?parent=5281"}],"curies":[{"name":"wp","href":"https:\/\/api.w.org\/{rel}","templated":true}]}}